{"id":6480,"date":"2017-09-23T18:27:30","date_gmt":"2017-09-23T18:27:30","guid":{"rendered":"http:\/\/www.consejoreguladordelamojama.com\/?page_id=6480"},"modified":"2017-09-23T19:07:24","modified_gmt":"2017-09-23T19:07:24","slug":"politica-de-privacidad","status":"publish","type":"page","link":"https:\/\/www.consejoreguladordelamojama.com\/?page_id=6480","title":{"rendered":"Pol\u00edtica de Privacidad"},"content":{"rendered":"<p><span style=\"font-size: 18pt; font-family: lunaregular; color: #345b9c;\">Aviso legal<\/span><\/p>\n<p><span style=\"font-family: roboto,ligth; font-size: 14pt;\">El titular de este sitio web es el Consejo Regulador de las IGP Mojamas de Barbate e Isla Cristina, con C.I.F.\u00a0 Q4100864J con domicilio en Glorieta del Agua, 4 \/\/ Edificio \u201cAljamar Center\u201d &#8211; 2\u00ba planta &#8211; oficina, 41940 \u00b7 Tomares (SEVILLA).2. El acceso al site www.consejoregladordelamojama.com es gratuito. Todo el contenido es propiedad intelectual de el Consejo Regulador de las IGP Mojamas de Barbate e Isla Cristina. Cualquier utilizaci\u00f3n de los mismos contraria a las normas en materia de propiedad intelectual ser\u00e1 perseguida con arreglo a la legislaci\u00f3n vigente.<\/span><\/p>\n<p>&nbsp;<\/p>\n<p><span style=\"color: #345b9c; font-family: lunaregular; font-size: 18pt;\">Pol\u00edtica de privacidad<\/span><\/p>\n<p>&nbsp;<\/p>\n<p><span style=\"font-family: lunaregular; font-size: 18pt; color: #345b9c;\">Uso y tratamiento de datos de caracter personal<br \/>\n<\/span><\/p>\n<p><span style=\"font-family: roboto,ligth; font-size: 14pt;\">El Consejo Regulador de las IGP Mojamas de Barbate e Isla Cristina le informa que los datos de car\u00e1cter personal que pudieran proporcionarse, a trav\u00e9s del website, as\u00ed como los que pudiera facilitar en el futuro en el marco de su relaci\u00f3n jur\u00eddica con esta entidad, ser\u00e1n incorporados en los ficheros titularidad de Consejo Regulador de las IGP Mojamas de Barbate e Isla Cristina cuyos datos constan en el encabezamiento.<\/span><\/p>\n<p><span style=\"font-family: roboto,ligth; font-size: 14pt;\">Estos ficheros tienen la finalidad de gestionar, administrar, prestarle los servicios o facilitarle los productos que solicite, y en su caso, para el cumplimiento y ejecuci\u00f3n de los contratos que pudiera celebrar, conocer mejor sus gustos, adecuar los servicios a sus preferencias, as\u00ed como poder ofrecerle nuevos servicios o productos y enviarle informaci\u00f3n relacionada con las actividades del Consejo Regulador de las IGP Mojamas de Barbate e Isla Cristina, a trav\u00e9s de cualquier medio, incluso el electr\u00f3nico. Los destinatarios de la informaci\u00f3n recogida ser\u00e1n, principalmente, los empleados de el Consejo Regulador de las IGP Mojamas de Barbate e Isla Cristina.<\/span><\/p>\n<p><span style=\"font-family: roboto,ligth; font-size: 14pt;\">Salvo en los campos en que expresamente se determine lo contrario por medio de un asterisco (*), las respuestas a las preguntas sobre datos personales son voluntarias, sin que la falta de contestaci\u00f3n a dichas preguntas implique una merma en la calidad de los servicios que Usted solicita. La falta de cumplimentaci\u00f3n de los campos determinados como obligatorios o el suministro de datos incorrectos imposibilitar\u00e1 que Consejo Regulador de las IGP Mojamas de Barbate e Isla Cristina pueda prestarle los servicios o le facilite los productos que solicite.<\/span><\/p>\n<p><span style=\"font-family: roboto,ligth; font-size: 14pt;\">El consentimiento otorgado para el tratamiento de sus datos personales, puede ser revocado en cualquier momento, dirigi\u00e9ndose a la direcci\u00f3n de el Consejo Regulador de las IGP Mojamas de Barbate e Isla Cristina o al correo electr\u00f3nico info@consejoreguladordelamojama.com.<\/span><\/p>\n<p><span style=\"font-family: roboto,ligth; font-size: 14pt;\">Los usuarios garantizan y responden, en cualquier caso, de la exactitud, vigencia y autenticidad de los datos personales facilitados y se comprometen a mantenerlos debidamente actualizados.<\/span><\/p>\n<p><span style=\"font-size: 18pt; font-family: lunaregular; color: #345b9c;\">Ejercicio de derechos: Acceso, Rectificaci\u00f3n, Cancelaci\u00f3n Y Oposici\u00f3n<\/span><\/p>\n<p><span style=\"font-family: roboto,ligth; font-size: 14pt;\">Aquellas personas f\u00edsicas que hayan facilitado sus datos a el Consejo Regulador de las IGP Mojamas de Barbate e Isla Cristina podr\u00e1n ejercitar gratuitamente los derechos de acceso, rectificaci\u00f3n, cancelaci\u00f3n y oposici\u00f3n respecto de los datos incorporados en los ficheros de el Consejo Regulador de las IGP Mojamas de Barbate e Isla Cristina.<\/span><\/p>\n<p><span style=\"font-family: roboto,ligth; font-size: 14pt;\">Dado el car\u00e1cter confidencial de la informaci\u00f3n, Vd. no podr\u00e1 ejercitar sus derechos telef\u00f3nicamente, lo debe solicitar por cualquier medio que deje constancia de su env\u00edo y de su recepci\u00f3n y remitir copia de su DNI o documento equivalente.<\/span><\/p>\n<p><span style=\"font-family: roboto,ligth; font-size: 14pt;\">El interesado podr\u00e1 ejercitar sus derechos mediante comunicaci\u00f3n por escrito dirigida al Consejo Regulador de las IGP Mojamas de Barbate e Isla Cristina en la direcci\u00f3n indicada al inicio o en el correo electr\u00f3nico info@consejoreguladordelamojama.com.<\/span><\/p>\n<p><span style=\"color: #345b9c; font-family: lunaregular; font-size: 18pt;\">Medidas de seguridad<br \/>\n<\/span><\/p>\n<p><span style=\"font-family: roboto,ligth; font-size: 14pt;\">El Consejo Regulador de las IGP Mojamas de Barbate e Isla Cristina le informa que tiene implantadas las medidas de seguridad de \u00edndole t\u00e9cnica y organizativas necesarias para garantizar la seguridad de sus datos de car\u00e1cter personal y evitar su alteraci\u00f3n, p\u00e9rdida y tratamiento y\/o acceso no autorizado, habida cuenta del estado de la tecnolog\u00eda, la naturaleza de los datos almacenados y los riesgos a que est\u00e1n expuestos, ya provengan de la acci\u00f3n humana o del medio f\u00edsico o natural.El usuario debe ser consciente de que las medidas de seguridad en Internet no son inexpugnables y enteramente fiables y que Consejo Regulador de las IGP Mojamas de Barbate e Isla Cristina no puede garantizar la inexistencia de virus u otros elementos que pudieran producir alteraciones en los sistemas inform\u00e1ticos (software y hardware) del usuario.<\/span><\/p>\n<p><span style=\"color: #345b9c; font-family: lunaregular; font-size: 18pt;\">Menores de edad<br \/>\n<\/span><\/p>\n<p><span style=\"font-family: roboto,ligth; font-size: 14pt;\">En el supuesto que alguno de los servicios y productos vaya dirigido a menores de 14 a\u00f1os. El Consejo Regulador de las IGP Mojamas de Barbate e Isla Cristina solicitar\u00e1 el consentimiento de los padres o tutores para la recogida de los datos personales del menor.<\/span><br \/>\n<span style=\"font-family: roboto,ligth; font-size: 14pt;\"> El Consejo Regulador de las IGP Mojamas de Barbate e Isla Cristina no responde de aquellos datos de menores que sin poder conocer el Consejo Regulador de las IGP Mojamas de Barbate e Isla Cristina este hecho se haya facilitado sin el consentimiento de los padres o tutores.<\/span><\/p>\n<p><span style=\"color: #345b9c; font-family: lunaregular; font-size: 18pt;\">Modificaci\u00f3n de la pol\u00edtica de privacidad<br \/>\n<\/span><\/p>\n<p><span style=\"font-family: roboto,ligth; font-size: 14pt;\">Consejo Regulador de las IGP Mojamas de Barbate e Isla Cristina se reserva el derecho a modificar su Pol\u00edtica de Privacidad, de acuerdo a su propio criterio, o motivado por un cambio doctrinal de la Autoridad competente en Protecci\u00f3n de Datos, legislativo o jurisprudencial. Cualquier modificaci\u00f3n de la Pol\u00edtica de Privacidad ser\u00e1 publicada, antes de su efectiva aplicaci\u00f3n. El uso del Web despu\u00e9s de dichos cambios, implicar\u00e1 la aceptaci\u00f3n de \u00e9stos.<\/span><\/p>\n<p><span style=\"color: #345b9c; font-family: lunaregular; font-size: 18pt;\">Legislaci\u00f3n aplicable<br \/>\n<\/span><\/p>\n<p><span style=\"font-family: roboto,ligth; font-size: 14pt;\">Cualquier controversia que se derive del uso de este site, ser\u00e1 regida, interpretada y sometida de acuerdo con las leyes de Espa\u00f1a.<\/span><\/p>\n","protected":false},"excerpt":{"rendered":"<p>Aviso legal El titular de este sitio web es el Consejo Regulador de las IGP Mojamas de Barbate e Isla Cristina, con C.I.F.\u00a0 Q4100864J con domicilio en Glorieta del Agua, 4 \/\/ Edificio \u201cAljamar Center\u201d &#8211; 2\u00ba planta &#8211; oficina, 41940 \u00b7 Tomares (SEVILLA).2. El acceso al site www.consejoregladordelamojama.com es gratuito. Todo el contenido es [&hellip;]<\/p>\n","protected":false},"author":3,"featured_media":0,"parent":0,"menu_order":0,"comment_status":"closed","ping_status":"closed","template":"","meta":{"footnotes":""},"class_list":["post-6480","page","type-page","status-publish","hentry"],"yoast_head":"<!-- This site is optimized with the Yoast SEO plugin v27.3 - https:\/\/yoast.com\/product\/yoast-seo-wordpress\/ -->\n<title>Pol\u00edtica de Privacidad - www.consejoreguladordelamojama.com<\/title>\n<meta name=\"robots\" content=\"index, follow, max-snippet:-1, max-image-preview:large, max-video-preview:-1\" \/>\n<link rel=\"canonical\" href=\"https:\/\/www.consejoreguladordelamojama.com\/?page_id=6480\" \/>\n<meta property=\"og:locale\" content=\"es_ES\" \/>\n<meta property=\"og:type\" content=\"article\" \/>\n<meta property=\"og:title\" content=\"Pol\u00edtica de Privacidad - www.consejoreguladordelamojama.com\" \/>\n<meta property=\"og:description\" content=\"Aviso legal El titular de este sitio web es el Consejo Regulador de las IGP Mojamas de Barbate e Isla Cristina, con C.I.F.\u00a0 Q4100864J con domicilio en Glorieta del Agua, 4 \/\/ Edificio \u201cAljamar Center\u201d &#8211; 2\u00ba planta &#8211; oficina, 41940 \u00b7 Tomares (SEVILLA).2. El acceso al site www.consejoregladordelamojama.com es gratuito. Todo el contenido es [&hellip;]\" \/>\n<meta property=\"og:url\" content=\"https:\/\/www.consejoreguladordelamojama.com\/?page_id=6480\" \/>\n<meta property=\"og:site_name\" content=\"www.consejoreguladordelamojama.com\" \/>\n<meta property=\"article:modified_time\" content=\"2017-09-23T19:07:24+00:00\" \/>\n<meta name=\"twitter:card\" content=\"summary_large_image\" \/>\n<meta name=\"twitter:label1\" content=\"Tiempo de lectura\" \/>\n\t<meta name=\"twitter:data1\" content=\"5 minutos\" \/>\n<script type=\"application\/ld+json\" class=\"yoast-schema-graph\">{\"@context\":\"https:\\\/\\\/schema.org\",\"@graph\":[{\"@type\":\"WebPage\",\"@id\":\"https:\\\/\\\/www.consejoreguladordelamojama.com\\\/?page_id=6480\",\"url\":\"https:\\\/\\\/www.consejoreguladordelamojama.com\\\/?page_id=6480\",\"name\":\"Pol\u00edtica de Privacidad - www.consejoreguladordelamojama.com\",\"isPartOf\":{\"@id\":\"https:\\\/\\\/www.consejoreguladordelamojama.com\\\/#website\"},\"datePublished\":\"2017-09-23T18:27:30+00:00\",\"dateModified\":\"2017-09-23T19:07:24+00:00\",\"breadcrumb\":{\"@id\":\"https:\\\/\\\/www.consejoreguladordelamojama.com\\\/?page_id=6480#breadcrumb\"},\"inLanguage\":\"es\",\"potentialAction\":[{\"@type\":\"ReadAction\",\"target\":[\"https:\\\/\\\/www.consejoreguladordelamojama.com\\\/?page_id=6480\"]}]},{\"@type\":\"BreadcrumbList\",\"@id\":\"https:\\\/\\\/www.consejoreguladordelamojama.com\\\/?page_id=6480#breadcrumb\",\"itemListElement\":[{\"@type\":\"ListItem\",\"position\":1,\"name\":\"Home\",\"item\":\"https:\\\/\\\/www.consejoreguladordelamojama.com\\\/\"},{\"@type\":\"ListItem\",\"position\":2,\"name\":\"Pol\u00edtica de Privacidad\"}]},{\"@type\":\"WebSite\",\"@id\":\"https:\\\/\\\/www.consejoreguladordelamojama.com\\\/#website\",\"url\":\"https:\\\/\\\/www.consejoreguladordelamojama.com\\\/\",\"name\":\"www.consejoreguladordelamojama.com\",\"description\":\"Web oficial del consejo regulador de la mojama.\",\"potentialAction\":[{\"@type\":\"SearchAction\",\"target\":{\"@type\":\"EntryPoint\",\"urlTemplate\":\"https:\\\/\\\/www.consejoreguladordelamojama.com\\\/?s={search_term_string}\"},\"query-input\":{\"@type\":\"PropertyValueSpecification\",\"valueRequired\":true,\"valueName\":\"search_term_string\"}}],\"inLanguage\":\"es\"}]}<\/script>\n<!-- \/ Yoast SEO plugin. -->","yoast_head_json":{"title":"Pol\u00edtica de Privacidad - www.consejoreguladordelamojama.com","robots":{"index":"index","follow":"follow","max-snippet":"max-snippet:-1","max-image-preview":"max-image-preview:large","max-video-preview":"max-video-preview:-1"},"canonical":"https:\/\/www.consejoreguladordelamojama.com\/?page_id=6480","og_locale":"es_ES","og_type":"article","og_title":"Pol\u00edtica de Privacidad - www.consejoreguladordelamojama.com","og_description":"Aviso legal El titular de este sitio web es el Consejo Regulador de las IGP Mojamas de Barbate e Isla Cristina, con C.I.F.\u00a0 Q4100864J con domicilio en Glorieta del Agua, 4 \/\/ Edificio \u201cAljamar Center\u201d &#8211; 2\u00ba planta &#8211; oficina, 41940 \u00b7 Tomares (SEVILLA).2. El acceso al site www.consejoregladordelamojama.com es gratuito. Todo el contenido es [&hellip;]","og_url":"https:\/\/www.consejoreguladordelamojama.com\/?page_id=6480","og_site_name":"www.consejoreguladordelamojama.com","article_modified_time":"2017-09-23T19:07:24+00:00","twitter_card":"summary_large_image","twitter_misc":{"Tiempo de lectura":"5 minutos"},"schema":{"@context":"https:\/\/schema.org","@graph":[{"@type":"WebPage","@id":"https:\/\/www.consejoreguladordelamojama.com\/?page_id=6480","url":"https:\/\/www.consejoreguladordelamojama.com\/?page_id=6480","name":"Pol\u00edtica de Privacidad - www.consejoreguladordelamojama.com","isPartOf":{"@id":"https:\/\/www.consejoreguladordelamojama.com\/#website"},"datePublished":"2017-09-23T18:27:30+00:00","dateModified":"2017-09-23T19:07:24+00:00","breadcrumb":{"@id":"https:\/\/www.consejoreguladordelamojama.com\/?page_id=6480#breadcrumb"},"inLanguage":"es","potentialAction":[{"@type":"ReadAction","target":["https:\/\/www.consejoreguladordelamojama.com\/?page_id=6480"]}]},{"@type":"BreadcrumbList","@id":"https:\/\/www.consejoreguladordelamojama.com\/?page_id=6480#breadcrumb","itemListElement":[{"@type":"ListItem","position":1,"name":"Home","item":"https:\/\/www.consejoreguladordelamojama.com\/"},{"@type":"ListItem","position":2,"name":"Pol\u00edtica de Privacidad"}]},{"@type":"WebSite","@id":"https:\/\/www.consejoreguladordelamojama.com\/#website","url":"https:\/\/www.consejoreguladordelamojama.com\/","name":"www.consejoreguladordelamojama.com","description":"Web oficial del consejo regulador de la mojama.","potentialAction":[{"@type":"SearchAction","target":{"@type":"EntryPoint","urlTemplate":"https:\/\/www.consejoreguladordelamojama.com\/?s={search_term_string}"},"query-input":{"@type":"PropertyValueSpecification","valueRequired":true,"valueName":"search_term_string"}}],"inLanguage":"es"}]}},"_links":{"self":[{"href":"https:\/\/www.consejoreguladordelamojama.com\/index.php?rest_route=\/wp\/v2\/pages\/6480","targetHints":{"allow":["GET"]}}],"collection":[{"href":"https:\/\/www.consejoreguladordelamojama.com\/index.php?rest_route=\/wp\/v2\/pages"}],"about":[{"href":"https:\/\/www.consejoreguladordelamojama.com\/index.php?rest_route=\/wp\/v2\/types\/page"}],"author":[{"embeddable":true,"href":"https:\/\/www.consejoreguladordelamojama.com\/index.php?rest_route=\/wp\/v2\/users\/3"}],"replies":[{"embeddable":true,"href":"https:\/\/www.consejoreguladordelamojama.com\/index.php?rest_route=%2Fwp%2Fv2%2Fcomments&post=6480"}],"version-history":[{"count":9,"href":"https:\/\/www.consejoreguladordelamojama.com\/index.php?rest_route=\/wp\/v2\/pages\/6480\/revisions"}],"predecessor-version":[{"id":6489,"href":"https:\/\/www.consejoreguladordelamojama.com\/index.php?rest_route=\/wp\/v2\/pages\/6480\/revisions\/6489"}],"wp:attachment":[{"href":"https:\/\/www.consejoreguladordelamojama.com\/index.php?rest_route=%2Fwp%2Fv2%2Fmedia&parent=6480"}],"curies":[{"name":"wp","href":"https:\/\/api.w.org\/{rel}","templated":true}]}}